{"id":15,"date":"2020-04-26T12:58:50","date_gmt":"2020-04-26T12:58:50","guid":{"rendered":"http:\/\/masu.it\/?page_id=15"},"modified":"2020-04-26T12:58:50","modified_gmt":"2020-04-26T12:58:50","slug":"seo","status":"publish","type":"page","link":"https:\/\/ecommerceprosrls.it\/?page_id=15","title":{"rendered":"Servizi SEO"},"content":{"rendered":"\n<p>Di seguito ti elenco quali sono i&nbsp;servizi SEO che posso offrirti:<\/p>\n\n\n\n<h4 class=\"wp-block-heading\">Ottimizzazione<\/h4>\n\n\n\n<p>Un sito web pu\u00f2 essere il pi\u00f9 bello del Mondo, ma se non \u00e8&nbsp;ottimizzato per i motori di ricerca, non si posizioner\u00e0 mai nelle prime posizioni di Google.<\/p>\n\n\n\n<h4 class=\"wp-block-heading\">Posizionamento<\/h4>\n\n\n\n<p>Dopo aver ottimizzato il tuo sito ed aver effettuato un\u2019attenta analisi sulle parole chiave per le quali ti dovrai far trovare sul motore, attraverso varie attivit\u00e0, lo porter\u00f2&nbsp;in alto nei motori di ricerca.<\/p>\n\n\n\n<h4 class=\"wp-block-heading\">Link Building<\/h4>\n\n\n\n<p>In alcuni settori, non bastano tutti i link che ricevi in maniera naturale, quindi grazie a questo servizio verranno creati dei&nbsp;backlink di qualit\u00e0&nbsp;per aumentare la link popularity del tuo sito.<\/p>\n\n\n\n<h4 class=\"wp-block-heading\">Consulenza SEO<\/h4>\n\n\n\n<p>Se hai bisogno di avere alcune delucidazioni in ambito seo o se vuoi conoscere i modi per portare in piena autonomia il tuo sito web nelle prime posizioni di Google, riceverai una mia&nbsp;consulenza&nbsp;via Skype o presso la tua azienda.<\/p>\n","protected":false},"excerpt":{"rendered":"<p>Di seguito ti elenco quali sono i&nbsp;servizi SEO che posso offrirti: Ottimizzazione Un sito web pu\u00f2 essere il pi\u00f9 bello del Mondo, ma se non \u00e8&nbsp;ottimizzato per i motori di ricerca, non si posizioner\u00e0 mai nelle prime posizioni di Google. Posizionamento Dopo aver ottimizzato il tuo sito ed aver effettuato un\u2019attenta analisi sulle parole chiave [&hellip;]<\/p>\n","protected":false},"author":1,"featured_media":0,"parent":0,"menu_order":0,"comment_status":"closed","ping_status":"closed","template":"","meta":{"om_disable_all_campaigns":false,"footnotes":""},"class_list":["post-15","page","type-page","status-publish","hentry"],"aioseo_notices":[],"_links":{"self":[{"href":"https:\/\/ecommerceprosrls.it\/index.php?rest_route=\/wp\/v2\/pages\/15","targetHints":{"allow":["GET"]}}],"collection":[{"href":"https:\/\/ecommerceprosrls.it\/index.php?rest_route=\/wp\/v2\/pages"}],"about":[{"href":"https:\/\/ecommerceprosrls.it\/index.php?rest_route=\/wp\/v2\/types\/page"}],"author":[{"embeddable":true,"href":"https:\/\/ecommerceprosrls.it\/index.php?rest_route=\/wp\/v2\/users\/1"}],"replies":[{"embeddable":true,"href":"https:\/\/ecommerceprosrls.it\/index.php?rest_route=%2Fwp%2Fv2%2Fcomments&post=15"}],"version-history":[{"count":0,"href":"https:\/\/ecommerceprosrls.it\/index.php?rest_route=\/wp\/v2\/pages\/15\/revisions"}],"wp:attachment":[{"href":"https:\/\/ecommerceprosrls.it\/index.php?rest_route=%2Fwp%2Fv2%2Fmedia&parent=15"}],"curies":[{"name":"wp","href":"https:\/\/api.w.org\/{rel}","templated":true}]}}